{"id":26,"date":"2023-09-21T17:18:49","date_gmt":"2023-09-21T15:18:49","guid":{"rendered":"https:\/\/www.mennoniten.at\/neu\/?page_id=26"},"modified":"2024-02-07T16:41:04","modified_gmt":"2024-02-07T15:41:04","slug":"startseite","status":"publish","type":"page","link":"https:\/\/www.mennoniten.at\/neu\/","title":{"rendered":"Home"},"content":{"rendered":"<section id=\"section-90-26\" class=\" ct-section hero-headline-section\" ><div class=\"ct-section-inner-wrap\"><div id=\"div_block-93-26\" class=\"ct-div-block\" ><h3 id=\"headline-92-26\" class=\"ct-headline hero__heading\">Vers\u00f6hnung leben.&nbsp;Frieden stiften.<\/h3><\/div><\/div><\/section><section id=\"section-2-26\" class=\" ct-section section-hero\" ><div class=\"ct-section-inner-wrap\"><div id=\"div_block-3-26\" class=\"ct-div-block feature-row\" ><a id=\"link-68-26\" class=\"ct-link card\" href=\"https:\/\/www.mennoniten.at\/neu\/unser-fundament\/\" target=\"_self\"  ><div id=\"div_block-69-26\" class=\"ct-div-block card__image\" ><img decoding=\"async\"  id=\"image-79-26\" alt=\"\" src=\"https:\/\/www.mennoniten.at\/neu\/wp-content\/uploads\/2023\/11\/pexels-pixabay-267559-scaled.jpg\" class=\"ct-image\" srcset-disabled=\"https:\/\/www.mennoniten.at\/neu\/wp-content\/uploads\/2023\/11\/pexels-pixabay-267559-scaled.jpg 1707w, https:\/\/www.mennoniten.at\/neu\/wp-content\/uploads\/2023\/11\/pexels-pixabay-267559-200x300.jpg 200w, https:\/\/www.mennoniten.at\/neu\/wp-content\/uploads\/2023\/11\/pexels-pixabay-267559-683x1024.jpg 683w, https:\/\/www.mennoniten.at\/neu\/wp-content\/uploads\/2023\/11\/pexels-pixabay-267559-768x1152.jpg 768w, https:\/\/www.mennoniten.at\/neu\/wp-content\/uploads\/2023\/11\/pexels-pixabay-267559-1024x1536.jpg 1024w, https:\/\/www.mennoniten.at\/neu\/wp-content\/uploads\/2023\/11\/pexels-pixabay-267559-1365x2048.jpg 1365w\" sizes=\"(max-width: 1707px) 100vw, 1707px\" \/><\/div><h4 id=\"headline-70-26\" class=\"ct-headline card__heading\">Unser Fundament.<\/h4><div id=\"text_block-71-26\" class=\"ct-text-block card__text\" >Wir glauben an den einen, wahren, lebendigen Gott, den Sch\u00f6pfer des Himmels und der Erde. Gott ist unendlich weise und allm\u00e4chtig, ein gerechter Richter, unersch\u00f6pflich an Liebe, die sich niemals \u00e4ndert.&nbsp;<\/div><\/a><a id=\"link-80-26\" class=\"ct-link card\" href=\"https:\/\/www.mennoniten.at\/neu\/unsere-gemeinden\/\"   ><div id=\"div_block-81-26\" class=\"ct-div-block card__image\" ><img decoding=\"async\"  id=\"image-82-26\" alt=\"\" src=\"https:\/\/www.mennoniten.at\/neu\/wp-content\/uploads\/2024\/02\/young-people-3575167_640.jpg\" class=\"ct-image\" srcset-disabled=\"https:\/\/www.mennoniten.at\/neu\/wp-content\/uploads\/2024\/02\/young-people-3575167_640.jpg 640w, https:\/\/www.mennoniten.at\/neu\/wp-content\/uploads\/2024\/02\/young-people-3575167_640-300x200.jpg 300w\" sizes=\"(max-width: 640px) 100vw, 640px\" \/><\/div><h4 id=\"headline-83-26\" class=\"ct-headline card__heading\">Mennoniten in \u00d6sterreich.<\/h4><div id=\"text_block-84-26\" class=\"ct-text-block card__text\" >Sie haben Interesse einen unserer Gottesdiensten zu besuchen? Hier erfahren Sie ob in Ihrer N\u00e4he eine Kirchengemeinde ans\u00e4ssig ist und dar\u00fcber hinaus noch weitere wertvolle Informationen.<\/div><\/a><a id=\"link-85-26\" class=\"ct-link card\" href=\"https:\/\/www.mennoniten.at\/neu\/unsere-geschichte\/\" target=\"_self\"  ><div id=\"div_block-86-26\" class=\"ct-div-block card__image\" ><img decoding=\"async\"  id=\"image-87-26\" alt=\"\" src=\"https:\/\/www.mennoniten.at\/neu\/wp-content\/uploads\/2023\/11\/Menno_Simons_by_Jacob_Burghart.jpg\" class=\"ct-image\" srcset-disabled=\"https:\/\/www.mennoniten.at\/neu\/wp-content\/uploads\/2023\/11\/Menno_Simons_by_Jacob_Burghart.jpg 1329w, https:\/\/www.mennoniten.at\/neu\/wp-content\/uploads\/2023\/11\/Menno_Simons_by_Jacob_Burghart-199x300.jpg 199w, https:\/\/www.mennoniten.at\/neu\/wp-content\/uploads\/2023\/11\/Menno_Simons_by_Jacob_Burghart-680x1024.jpg 680w, https:\/\/www.mennoniten.at\/neu\/wp-content\/uploads\/2023\/11\/Menno_Simons_by_Jacob_Burghart-768x1156.jpg 768w, https:\/\/www.mennoniten.at\/neu\/wp-content\/uploads\/2023\/11\/Menno_Simons_by_Jacob_Burghart-1021x1536.jpg 1021w\" sizes=\"(max-width: 1329px) 100vw, 1329px\" \/><\/div><h4 id=\"headline-88-26\" class=\"ct-headline card__heading\">Unsere Geschichte.<\/h4><div id=\"text_block-89-26\" class=\"ct-text-block card__text\" >Mennoniten - wer? Erfahren Sie mehr \u00fcber unsere Geschichte und Herkunft, die auf geschichtlichen und theologischen Wurzeln der T\u00e4uferbewegung in der Reformationszeit&nbsp; zur\u00fcckzuf\u00fchren sind.<\/div><\/a><\/div><div id=\"div_block-98-26\" class=\"ct-div-block\" ><div id=\"div_block-103-26\" class=\"ct-div-block\" ><\/div><\/div><\/div><\/section>","protected":false},"excerpt":{"rendered":"","protected":false},"author":1,"featured_media":0,"parent":0,"menu_order":0,"comment_status":"closed","ping_status":"closed","template":"","meta":{"footnotes":""},"class_list":["post-26","page","type-page","status-publish","hentry"],"acf":[],"_links":{"self":[{"href":"https:\/\/www.mennoniten.at\/neu\/wp-json\/wp\/v2\/pages\/26","targetHints":{"allow":["GET"]}}],"collection":[{"href":"https:\/\/www.mennoniten.at\/neu\/wp-json\/wp\/v2\/pages"}],"about":[{"href":"https:\/\/www.mennoniten.at\/neu\/wp-json\/wp\/v2\/types\/page"}],"author":[{"embeddable":true,"href":"https:\/\/www.mennoniten.at\/neu\/wp-json\/wp\/v2\/users\/1"}],"replies":[{"embeddable":true,"href":"https:\/\/www.mennoniten.at\/neu\/wp-json\/wp\/v2\/comments?post=26"}],"version-history":[{"count":5,"href":"https:\/\/www.mennoniten.at\/neu\/wp-json\/wp\/v2\/pages\/26\/revisions"}],"predecessor-version":[{"id":250,"href":"https:\/\/www.mennoniten.at\/neu\/wp-json\/wp\/v2\/pages\/26\/revisions\/250"}],"wp:attachment":[{"href":"https:\/\/www.mennoniten.at\/neu\/wp-json\/wp\/v2\/media?parent=26"}],"curies":[{"name":"wp","href":"https:\/\/api.w.org\/{rel}","templated":true}]}}