{"id":121,"date":"2023-11-09T16:13:22","date_gmt":"2023-11-09T15:13:22","guid":{"rendered":"https:\/\/www.mennoniten.at\/neu\/?page_id=121"},"modified":"2023-11-09T18:41:25","modified_gmt":"2023-11-09T17:41:25","slug":"impressum","status":"publish","type":"page","link":"https:\/\/www.mennoniten.at\/neu\/impressum\/","title":{"rendered":"Impressum"},"content":{"rendered":"\n<h1 class=\"wp-block-heading\"><\/h1>\n\n\n\n<h4 class=\"wp-block-heading\">Offenlegung nach \u00a7 25 Medien Gesetz<\/h4>\n\n\n\n<p><a href=\"http:\/\/www.mennoniten.at\/\">mennoniten.at<\/a>&nbsp;ist die offizielle Website der Mennonitischen Freikirche \u00d6sterreich und ihrer Mitgliedsgemeinden.<br>Die Mennonitische Freikirche ein Gemeindebund im Rahmen der gesetzlich anerkannte Kirche \u201eFreikirchen in \u00d6sterreich\u201c und genie\u00dft als Teilbereich derselben die Stellung einer K\u00f6rperschaft \u00f6ffentlichen Rechts.<\/p>\n\n\n\n<p>Der Zweck dieses Mediums ist die F\u00f6rderung der Mennonitischen Freikirchen und die Berichterstattung \u00fcber Themen aus der Mennonitischen Freikirche in \u00d6sterreich, der weltweiten mennonitischen Bewegung und der Gesellschaft.<\/p>\n\n\n\n<h4 class=\"wp-block-heading\">Medieninhaber, Herausgeber<\/h4>\n\n\n\n<pre class=\"wp-block-preformatted\">Mennonitische Freikirche \u00d6sterreich<br>Bundessekretariat<br>Cumberlandstr. 64<br>4810 Gmunden<\/pre>\n\n\n\n<h4 class=\"wp-block-heading\">F\u00fcr den Inhalt verantwortlich<\/h4>\n\n\n\n<p>Bundessekretariat der Mennonitische Freikirche \u00d6sterreich<\/p>\n\n\n\n<h4 class=\"wp-block-heading\">Haftung<\/h4>\n\n\n\n<p>S\u00e4mtliche Texte auf der Website wurden sorgf\u00e4ltig gepr\u00fcft. Dessen ungeachtet kann keine Garantie f\u00fcr Richtigkeit, Vollst\u00e4ndigkeit und Aktualit\u00e4t der Angaben \u00fcbernommen werden. Anfragen zum Inhalt bitte an den Administrator der Website: office[at]mennoniten.at<\/p>\n\n\n\n<h4 class=\"wp-block-heading\">Copyright<\/h4>\n\n\n\n<p>S\u00e4mtliche Texte, Grafiken und Bilder sind urheberrechtlich gesch\u00fctzt; eine Verwendung ist nur mit ausdr\u00fccklicher Genehmigung des Administrators zul\u00e4ssig.<br>Fotos von: Claudia B\u00f6rner und depositphotos.com<\/p>\n\n\n\n<h4 class=\"wp-block-heading\">Links<\/h4>\n\n\n\n<p>Links auf diese Website sind erlaubt. Eine Integration der ganzen Website (oder einzelner Seiten) in eine andere Website ist unzul\u00e4ssig. (ausgenommen Tumbnails zur Illustration des Links)<br>Eigene Links auf fremde Seiten stellen nur Wegweiser zu diesen Seiten dar. Der Herausgeber identifiziert sich nicht mit dem Inhalt der Seiten, auf die gelinkt wird und \u00fcbernimmt daf\u00fcr keine Haftung. Um dem Leser ein m\u00f6glichst breites Informationsspektrum zu bieten, k\u00f6nnen sogar bewusst Links gesetzt sein, die der Meinung des Herausgebers entgegenstehen. Sollte jedoch eine der Seiten, auf die gelinkt wird, bedenkliche oder rechtswidrige Inhalte aufweisen, wird um Mitteilung ersucht; in einem solchen Falle wird der Link sofort gel\u00f6scht.<\/p>\n\n\n\n<h4 class=\"wp-block-heading\">Urheberrechte<\/h4>\n\n\n\n<p>Es werden ausschlie\u00dflich Bilder und Texte verwendet, die urheberrechtsfrei sind, oder deren Ver\u00f6ffentlichung zu diesem Zwecke vom Urheber genehmigt worden ist. Sollten unbeabsichtigterweise und irrt\u00fcmlich dennoch die Urheberrechte einer Person durch den Inhalt dieser Website verletzt worden sein, bitten wir umgehend um Nachricht, damit wir den Missstand beheben k\u00f6nnen.<\/p>\n","protected":false},"excerpt":{"rendered":"<p>Offenlegung nach \u00a7 25 Medien Gesetz mennoniten.at&nbsp;ist die offizielle Website der Mennonitischen Freikirche \u00d6sterreich und ihrer Mitgliedsgemeinden.Die Mennonitische Freikirche ein Gemeindebund im Rahmen der gesetzlich anerkannte Kirche \u201eFreikirchen in \u00d6sterreich\u201c und genie\u00dft als Teilbereich derselben die Stellung einer K\u00f6rperschaft \u00f6ffentlichen Rechts. Der Zweck dieses Mediums ist die F\u00f6rderung der Mennonitischen Freikirchen und die Berichterstattung \u00fcber [&hellip;]<\/p>\n","protected":false},"author":1,"featured_media":167,"parent":0,"menu_order":0,"comment_status":"closed","ping_status":"closed","template":"","meta":{"footnotes":""},"class_list":["post-121","page","type-page","status-publish","has-post-thumbnail","hentry"],"acf":[],"_links":{"self":[{"href":"https:\/\/www.mennoniten.at\/neu\/wp-json\/wp\/v2\/pages\/121","targetHints":{"allow":["GET"]}}],"collection":[{"href":"https:\/\/www.mennoniten.at\/neu\/wp-json\/wp\/v2\/pages"}],"about":[{"href":"https:\/\/www.mennoniten.at\/neu\/wp-json\/wp\/v2\/types\/page"}],"author":[{"embeddable":true,"href":"https:\/\/www.mennoniten.at\/neu\/wp-json\/wp\/v2\/users\/1"}],"replies":[{"embeddable":true,"href":"https:\/\/www.mennoniten.at\/neu\/wp-json\/wp\/v2\/comments?post=121"}],"version-history":[{"count":1,"href":"https:\/\/www.mennoniten.at\/neu\/wp-json\/wp\/v2\/pages\/121\/revisions"}],"predecessor-version":[{"id":123,"href":"https:\/\/www.mennoniten.at\/neu\/wp-json\/wp\/v2\/pages\/121\/revisions\/123"}],"wp:featuredmedia":[{"embeddable":true,"href":"https:\/\/www.mennoniten.at\/neu\/wp-json\/wp\/v2\/media\/167"}],"wp:attachment":[{"href":"https:\/\/www.mennoniten.at\/neu\/wp-json\/wp\/v2\/media?parent=121"}],"curies":[{"name":"wp","href":"https:\/\/api.w.org\/{rel}","templated":true}]}}